{"id":171,"date":"2017-02-15T12:02:46","date_gmt":"2017-02-15T11:02:46","guid":{"rendered":"http:\/\/www.stavbyfrolda.cz\/?page_id=171"},"modified":"2017-02-22T10:51:46","modified_gmt":"2017-02-22T09:51:46","slug":"stavebni-prace","status":"publish","type":"page","link":"https:\/\/www.stavbyfrolda.cz\/?page_id=171","title":{"rendered":"Stavebn\u00ed pr\u00e1ce"},"content":{"rendered":"<h4><span style=\"color: #808080;\">&#8211; rekonstrukce RD, bytov\u00e1 j\u00e1dra, pam\u00e1tkov\u00e9 budovy<\/span><\/h4>\n<h4><span style=\"color: #808080;\">&#8211; opl\u00e1\u0161t\u011bn\u00ed budov<\/span><\/h4>\n<h4><span style=\"color: #808080;\">&#8211; v\u00fdstavba skladovac\u00edch hal a administrativn\u00edch budov\u00a0\u00a0 men\u0161\u00edho rozsahu<\/span><\/h4>\n<h4><span style=\"color: #808080;\">&#8211; obklada\u010dsk\u00e9 pr\u00e1ce<\/span><\/h4>\n<h4><span style=\"color: #808080;\">&#8211; zednick\u00e9 pr\u00e1ce, om\u00edtky, \u0161tuky<\/span><\/h4>\n","protected":false},"excerpt":{"rendered":"<p>&#8211; rekonstrukce RD, bytov\u00e1 j\u00e1dra, pam\u00e1tkov\u00e9 budovy &#8211; opl\u00e1\u0161t\u011bn\u00ed budov &#8211; v\u00fdstavba skladovac\u00edch hal a administrativn\u00edch budov\u00a0\u00a0 men\u0161\u00edho rozsahu &#8211; obklada\u010dsk\u00e9 pr\u00e1ce &#8211; zednick\u00e9 pr\u00e1ce, om\u00edtky, \u0161tuky<\/p>\n","protected":false},"author":1,"featured_media":0,"parent":0,"menu_order":0,"comment_status":"closed","ping_status":"closed","template":"","meta":{"footnotes":""},"class_list":["post-171","page","type-page","status-publish","hentry"],"_links":{"self":[{"href":"https:\/\/www.stavbyfrolda.cz\/index.php?rest_route=\/wp\/v2\/pages\/171","targetHints":{"allow":["GET"]}}],"collection":[{"href":"https:\/\/www.stavbyfrolda.cz\/index.php?rest_route=\/wp\/v2\/pages"}],"about":[{"href":"https:\/\/www.stavbyfrolda.cz\/index.php?rest_route=\/wp\/v2\/types\/page"}],"author":[{"embeddable":true,"href":"https:\/\/www.stavbyfrolda.cz\/index.php?rest_route=\/wp\/v2\/users\/1"}],"replies":[{"embeddable":true,"href":"https:\/\/www.stavbyfrolda.cz\/index.php?rest_route=%2Fwp%2Fv2%2Fcomments&post=171"}],"version-history":[{"count":4,"href":"https:\/\/www.stavbyfrolda.cz\/index.php?rest_route=\/wp\/v2\/pages\/171\/revisions"}],"predecessor-version":[{"id":298,"href":"https:\/\/www.stavbyfrolda.cz\/index.php?rest_route=\/wp\/v2\/pages\/171\/revisions\/298"}],"wp:attachment":[{"href":"https:\/\/www.stavbyfrolda.cz\/index.php?rest_route=%2Fwp%2Fv2%2Fmedia&parent=171"}],"curies":[{"name":"wp","href":"https:\/\/api.w.org\/{rel}","templated":true}]}}