{"id":174,"date":"2017-02-15T12:04:19","date_gmt":"2017-02-15T11:04:19","guid":{"rendered":"http:\/\/www.stavbyfrolda.cz\/?page_id=174"},"modified":"2017-02-22T11:29:58","modified_gmt":"2017-02-22T10:29:58","slug":"dalsi-sluzby","status":"publish","type":"page","link":"https:\/\/www.stavbyfrolda.cz\/?page_id=174","title":{"rendered":"Dal\u0161\u00ed slu\u017eby"},"content":{"rendered":"<h4><span style=\"color: #808080;\">&#8211; zemn\u00ed pr\u00e1ce<\/span><\/h4>\n<h4><span style=\"color: #808080;\">&#8211; dokon\u010dovac\u00ed pr\u00e1ce<\/span><\/h4>\n<h4><span style=\"color: #808080;\">&#8211; specializovan\u00e9 pr\u00e1ce ( kom\u00ednov\u00e9 pr\u00e1ce, technicky n\u00e1ro\u010dn\u00e9 st\u011brky)<\/span><\/h4>\n<h4><span style=\"color: #808080;\">&#8211; s\u00e1drokarton\u00e1\u0159sk\u00e9 pr\u00e1ce<\/span><\/h4>\n<h4><span style=\"color: #808080;\">&#8211; \u0159emesla, kter\u00e1 jsou ned\u00edlnou sou\u010d\u00e1st\u00ed ke zhotoven\u00ed d\u00edla ve stavebn\u00ed v\u00fdrob\u011b<\/span><\/h4>\n","protected":false},"excerpt":{"rendered":"<p>&#8211; zemn\u00ed pr\u00e1ce &#8211; dokon\u010dovac\u00ed pr\u00e1ce &#8211; specializovan\u00e9 pr\u00e1ce ( kom\u00ednov\u00e9 pr\u00e1ce, technicky n\u00e1ro\u010dn\u00e9 st\u011brky) &#8211; s\u00e1drokarton\u00e1\u0159sk\u00e9 pr\u00e1ce &#8211; \u0159emesla, kter\u00e1 jsou ned\u00edlnou sou\u010d\u00e1st\u00ed ke zhotoven\u00ed d\u00edla ve stavebn\u00ed v\u00fdrob\u011b<\/p>\n","protected":false},"author":1,"featured_media":0,"parent":0,"menu_order":0,"comment_status":"closed","ping_status":"closed","template":"","meta":{"footnotes":""},"class_list":["post-174","page","type-page","status-publish","hentry"],"_links":{"self":[{"href":"https:\/\/www.stavbyfrolda.cz\/index.php?rest_route=\/wp\/v2\/pages\/174","targetHints":{"allow":["GET"]}}],"collection":[{"href":"https:\/\/www.stavbyfrolda.cz\/index.php?rest_route=\/wp\/v2\/pages"}],"about":[{"href":"https:\/\/www.stavbyfrolda.cz\/index.php?rest_route=\/wp\/v2\/types\/page"}],"author":[{"embeddable":true,"href":"https:\/\/www.stavbyfrolda.cz\/index.php?rest_route=\/wp\/v2\/users\/1"}],"replies":[{"embeddable":true,"href":"https:\/\/www.stavbyfrolda.cz\/index.php?rest_route=%2Fwp%2Fv2%2Fcomments&post=174"}],"version-history":[{"count":4,"href":"https:\/\/www.stavbyfrolda.cz\/index.php?rest_route=\/wp\/v2\/pages\/174\/revisions"}],"predecessor-version":[{"id":307,"href":"https:\/\/www.stavbyfrolda.cz\/index.php?rest_route=\/wp\/v2\/pages\/174\/revisions\/307"}],"wp:attachment":[{"href":"https:\/\/www.stavbyfrolda.cz\/index.php?rest_route=%2Fwp%2Fv2%2Fmedia&parent=174"}],"curies":[{"name":"wp","href":"https:\/\/api.w.org\/{rel}","templated":true}]}}