{"id":32,"date":"2017-02-11T15:02:00","date_gmt":"2017-02-11T14:02:00","guid":{"rendered":"http:\/\/www.stavbyfrolda.cz\/?page_id=32"},"modified":"2017-02-22T15:09:05","modified_gmt":"2017-02-22T14:09:05","slug":"reference","status":"publish","type":"page","link":"https:\/\/www.stavbyfrolda.cz\/?page_id=32","title":{"rendered":"Reference"},"content":{"rendered":"<div id='gallery-1' class='gallery galleryid-32 gallery-columns-7 gallery-size-thumbnail'><dl class='gallery-item'>\n\t\t\t<dt class='gallery-icon landscape'>\n\t\t\t\t<a href='https:\/\/www.stavbyfrolda.cz\/wp-content\/uploads\/2017\/02\/P2180044.jpg'><img loading=\"lazy\" decoding=\"async\" width=\"150\" height=\"150\" src=\"https:\/\/www.stavbyfrolda.cz\/wp-content\/uploads\/2017\/02\/P2180044-150x150.jpg\" class=\"attachment-thumbnail size-thumbnail\" alt=\"\" \/><\/a>\n\t\t\t<\/dt><\/dl><dl class='gallery-item'>\n\t\t\t<dt class='gallery-icon landscape'>\n\t\t\t\t<a href='https:\/\/www.stavbyfrolda.cz\/wp-content\/uploads\/2017\/02\/P2180039.jpg'><img loading=\"lazy\" decoding=\"async\" width=\"150\" height=\"150\" src=\"https:\/\/www.stavbyfrolda.cz\/wp-content\/uploads\/2017\/02\/P2180039-150x150.jpg\" class=\"attachment-thumbnail size-thumbnail\" alt=\"\" \/><\/a>\n\t\t\t<\/dt><\/dl><dl class='gallery-item'>\n\t\t\t<dt class='gallery-icon landscape'>\n\t\t\t\t<a href='https:\/\/www.stavbyfrolda.cz\/wp-content\/uploads\/2017\/02\/P2180037.jpg'><img loading=\"lazy\" decoding=\"async\" width=\"150\" height=\"150\" src=\"https:\/\/www.stavbyfrolda.cz\/wp-content\/uploads\/2017\/02\/P2180037-150x150.jpg\" class=\"attachment-thumbnail size-thumbnail\" alt=\"\" \/><\/a>\n\t\t\t<\/dt><\/dl><dl class='gallery-item'>\n\t\t\t<dt class='gallery-icon landscape'>\n\t\t\t\t<a href='https:\/\/www.stavbyfrolda.cz\/wp-content\/uploads\/2017\/02\/P2180031.jpg'><img loading=\"lazy\" decoding=\"async\" width=\"150\" height=\"150\" src=\"https:\/\/www.stavbyfrolda.cz\/wp-content\/uploads\/2017\/02\/P2180031-150x150.jpg\" class=\"attachment-thumbnail size-thumbnail\" alt=\"\" \/><\/a>\n\t\t\t<\/dt><\/dl><dl class='gallery-item'>\n\t\t\t<dt class='gallery-icon landscape'>\n\t\t\t\t<a href='https:\/\/www.stavbyfrolda.cz\/wp-content\/uploads\/2017\/02\/P2180040-e1487752273947.jpg'><img loading=\"lazy\" decoding=\"async\" width=\"150\" height=\"150\" src=\"https:\/\/www.stavbyfrolda.cz\/wp-content\/uploads\/2017\/02\/P2180040-e1487752273947-150x150.jpg\" class=\"attachment-thumbnail size-thumbnail\" alt=\"\" \/><\/a>\n\t\t\t<\/dt><\/dl><dl class='gallery-item'>\n\t\t\t<dt class='gallery-icon landscape'>\n\t\t\t\t<a href='https:\/\/www.stavbyfrolda.cz\/wp-content\/uploads\/2017\/02\/P2180030.jpg'><img loading=\"lazy\" decoding=\"async\" width=\"150\" height=\"150\" src=\"https:\/\/www.stavbyfrolda.cz\/wp-content\/uploads\/2017\/02\/P2180030-150x150.jpg\" class=\"attachment-thumbnail size-thumbnail\" alt=\"\" \/><\/a>\n\t\t\t<\/dt><\/dl><dl class='gallery-item'>\n\t\t\t<dt class='gallery-icon portrait'>\n\t\t\t\t<a href='https:\/\/www.stavbyfrolda.cz\/wp-content\/uploads\/2017\/02\/P2180028-e1487583642940.jpg'><img loading=\"lazy\" decoding=\"async\" width=\"150\" height=\"150\" src=\"https:\/\/www.stavbyfrolda.cz\/wp-content\/uploads\/2017\/02\/P2180028-e1487583642940-150x150.jpg\" class=\"attachment-thumbnail size-thumbnail\" alt=\"\" \/><\/a>\n\t\t\t<\/dt><\/dl><br style=\"clear: both\" \/><dl class='gallery-item'>\n\t\t\t<dt class='gallery-icon landscape'>\n\t\t\t\t<a href='https:\/\/www.stavbyfrolda.cz\/wp-content\/uploads\/2017\/02\/P2180023.jpg'><img loading=\"lazy\" decoding=\"async\" width=\"150\" height=\"150\" src=\"https:\/\/www.stavbyfrolda.cz\/wp-content\/uploads\/2017\/02\/P2180023-150x150.jpg\" class=\"attachment-thumbnail size-thumbnail\" alt=\"\" \/><\/a>\n\t\t\t<\/dt><\/dl><dl class='gallery-item'>\n\t\t\t<dt class='gallery-icon landscape'>\n\t\t\t\t<a href='https:\/\/www.stavbyfrolda.cz\/wp-content\/uploads\/2017\/02\/P2180022-e1487752288279.jpg'><img loading=\"lazy\" decoding=\"async\" width=\"150\" height=\"150\" src=\"https:\/\/www.stavbyfrolda.cz\/wp-content\/uploads\/2017\/02\/P2180022-e1487752288279-150x150.jpg\" class=\"attachment-thumbnail size-thumbnail\" alt=\"\" \/><\/a>\n\t\t\t<\/dt><\/dl><dl class='gallery-item'>\n\t\t\t<dt class='gallery-icon landscape'>\n\t\t\t\t<a href='https:\/\/www.stavbyfrolda.cz\/wp-content\/uploads\/2017\/02\/P2180013.jpg'><img loading=\"lazy\" decoding=\"async\" width=\"150\" height=\"150\" src=\"https:\/\/www.stavbyfrolda.cz\/wp-content\/uploads\/2017\/02\/P2180013-150x150.jpg\" class=\"attachment-thumbnail size-thumbnail\" alt=\"\" \/><\/a>\n\t\t\t<\/dt><\/dl><dl class='gallery-item'>\n\t\t\t<dt class='gallery-icon landscape'>\n\t\t\t\t<a href='https:\/\/www.stavbyfrolda.cz\/wp-content\/uploads\/2017\/02\/P2180009.jpg'><img loading=\"lazy\" decoding=\"async\" width=\"150\" height=\"150\" src=\"https:\/\/www.stavbyfrolda.cz\/wp-content\/uploads\/2017\/02\/P2180009-150x150.jpg\" class=\"attachment-thumbnail size-thumbnail\" alt=\"\" \/><\/a>\n\t\t\t<\/dt><\/dl><dl class='gallery-item'>\n\t\t\t<dt class='gallery-icon landscape'>\n\t\t\t\t<a href='https:\/\/www.stavbyfrolda.cz\/wp-content\/uploads\/2017\/02\/P2180001.jpg'><img loading=\"lazy\" decoding=\"async\" width=\"150\" height=\"150\" src=\"https:\/\/www.stavbyfrolda.cz\/wp-content\/uploads\/2017\/02\/P2180001-150x150.jpg\" class=\"attachment-thumbnail size-thumbnail\" alt=\"\" \/><\/a>\n\t\t\t<\/dt><\/dl><dl class='gallery-item'>\n\t\t\t<dt class='gallery-icon landscape'>\n\t\t\t\t<a href='https:\/\/www.stavbyfrolda.cz\/wp-content\/uploads\/2017\/02\/P2180012.jpg'><img loading=\"lazy\" decoding=\"async\" width=\"150\" height=\"150\" src=\"https:\/\/www.stavbyfrolda.cz\/wp-content\/uploads\/2017\/02\/P2180012-150x150.jpg\" class=\"attachment-thumbnail size-thumbnail\" alt=\"\" \/><\/a>\n\t\t\t<\/dt><\/dl><dl class='gallery-item'>\n\t\t\t<dt class='gallery-icon landscape'>\n\t\t\t\t<a href='https:\/\/www.stavbyfrolda.cz\/wp-content\/uploads\/2017\/02\/P2180045.jpg'><img loading=\"lazy\" decoding=\"async\" width=\"150\" height=\"150\" src=\"https:\/\/www.stavbyfrolda.cz\/wp-content\/uploads\/2017\/02\/P2180045-150x150.jpg\" class=\"attachment-thumbnail size-thumbnail\" alt=\"\" \/><\/a>\n\t\t\t<\/dt><\/dl><br style=\"clear: both\" \/>\n\t\t<\/div>\n\n<h5><span style=\"color: #808080;\">Pod\u00edvejte se na na\u0161e n\u011bkter\u00e9 realizace. V p\u0159\u00edpad\u011b z\u00e1jmu m\u016f\u017eete objekty i zhl\u00e9dnout osobn\u011b a p\u0159esv\u011bd\u010dit se o kvalit\u011b proveden\u00ed. Kontaktujte\u00a0\u00a0\u00a0\u00a0\u00a0\u00a0\u00a0\u00a0\u00a0\u00a0\u00a0\u00a0\u00a0 n\u00e1s pro bli\u017e\u0161\u00ed informace. R\u00e1di V\u00e1m sd\u011bl\u00edme p\u0159ibli\u017en\u00fd rozpo\u010det pr\u00e1c\u00ed v\u010detn\u011b cen materi\u00e1lu a mo\u017en\u00e9 term\u00edny proveden\u00ed.<br \/>\n<\/span><\/h5>\n","protected":false},"excerpt":{"rendered":"<p>Pod\u00edvejte se na na\u0161e n\u011bkter\u00e9 realizace. V p\u0159\u00edpad\u011b z\u00e1jmu m\u016f\u017eete objekty i zhl\u00e9dnout osobn\u011b a p\u0159esv\u011bd\u010dit se o kvalit\u011b proveden\u00ed. Kontaktujte\u00a0\u00a0\u00a0\u00a0\u00a0\u00a0\u00a0\u00a0\u00a0\u00a0\u00a0\u00a0\u00a0 n\u00e1s pro bli\u017e\u0161\u00ed informace. R\u00e1di V\u00e1m sd\u011bl\u00edme p\u0159ibli\u017en\u00fd rozpo\u010det pr\u00e1c\u00ed v\u010detn\u011b<a class=\"moretag\" href=\"https:\/\/www.stavbyfrolda.cz\/?page_id=32\">Read More&#8230;<\/a><\/p>\n","protected":false},"author":1,"featured_media":0,"parent":0,"menu_order":0,"comment_status":"closed","ping_status":"closed","template":"","meta":{"footnotes":""},"class_list":["post-32","page","type-page","status-publish","hentry"],"_links":{"self":[{"href":"https:\/\/www.stavbyfrolda.cz\/index.php?rest_route=\/wp\/v2\/pages\/32","targetHints":{"allow":["GET"]}}],"collection":[{"href":"https:\/\/www.stavbyfrolda.cz\/index.php?rest_route=\/wp\/v2\/pages"}],"about":[{"href":"https:\/\/www.stavbyfrolda.cz\/index.php?rest_route=\/wp\/v2\/types\/page"}],"author":[{"embeddable":true,"href":"https:\/\/www.stavbyfrolda.cz\/index.php?rest_route=\/wp\/v2\/users\/1"}],"replies":[{"embeddable":true,"href":"https:\/\/www.stavbyfrolda.cz\/index.php?rest_route=%2Fwp%2Fv2%2Fcomments&post=32"}],"version-history":[{"count":30,"href":"https:\/\/www.stavbyfrolda.cz\/index.php?rest_route=\/wp\/v2\/pages\/32\/revisions"}],"predecessor-version":[{"id":321,"href":"https:\/\/www.stavbyfrolda.cz\/index.php?rest_route=\/wp\/v2\/pages\/32\/revisions\/321"}],"wp:attachment":[{"href":"https:\/\/www.stavbyfrolda.cz\/index.php?rest_route=%2Fwp%2Fv2%2Fmedia&parent=32"}],"curies":[{"name":"wp","href":"https:\/\/api.w.org\/{rel}","templated":true}]}}