{"id":38,"date":"2017-02-11T15:02:23","date_gmt":"2017-02-11T14:02:23","guid":{"rendered":"http:\/\/www.stavbyfrolda.cz\/?page_id=38"},"modified":"2017-02-22T16:04:46","modified_gmt":"2017-02-22T15:04:46","slug":"kontakt","status":"publish","type":"page","link":"https:\/\/www.stavbyfrolda.cz\/?page_id=38","title":{"rendered":"Kontakt"},"content":{"rendered":"<h4><span style=\"color: #808080;\">STAVEBN\u00cd FIRMA FROLDA ALE\u0160<\/span><\/h4>\n<h5><span style=\"color: #808080;\">Toufarsk\u00e1 395, 588 32 Brtnice <\/span><\/p>\n<p><span style=\"color: #808080;\">tel.: 720 139 948<\/span><\/p>\n<p><span style=\"color: #808080;\">email: froldaales@seznam.cz<\/span><\/p>\n<p><span style=\"color: #808080;\">www.stavbyfrolda.cz<\/span><\/p>\n<p><span style=\"color: #808080;\">I\u010cO: 71896961<\/span><\/p>\n<p><span style=\"color: #808080;\">DI\u010c: CZ8002254381<\/span><\/h5>\n<h4><iframe loading=\"lazy\" style=\"border: 0px none;\" src=\"https:\/\/www.google.com\/maps\/embed?pb=!1m18!1m12!1m3!1d2601.202782749373!2d15.670457215881134!3d49.31044327672394!2m3!1f0!2f0!3f0!3m2!1i1024!2i768!4f13.1!3m3!1m2!1s0x470d1679f487ce37%3A0xdad9ec47ca847ab6!2sToufarsk%C3%A1+395%2C+588+32+Brtnice!5e0!3m2!1scs!2scz!4v1487153466949\" width=\"600\" height=\"450\" frameborder=\"0\" allowfullscreen=\"allowfullscreen\"><\/iframe><\/h4>\n","protected":false},"excerpt":{"rendered":"<p>STAVEBN\u00cd FIRMA FROLDA ALE\u0160 Toufarsk\u00e1 395, 588 32 Brtnice tel.: 720 139 948 email: froldaales@seznam.cz www.stavbyfrolda.cz I\u010cO: 71896961 DI\u010c: CZ8002254381<\/p>\n","protected":false},"author":1,"featured_media":0,"parent":0,"menu_order":0,"comment_status":"closed","ping_status":"closed","template":"","meta":{"footnotes":""},"class_list":["post-38","page","type-page","status-publish","hentry"],"_links":{"self":[{"href":"https:\/\/www.stavbyfrolda.cz\/index.php?rest_route=\/wp\/v2\/pages\/38","targetHints":{"allow":["GET"]}}],"collection":[{"href":"https:\/\/www.stavbyfrolda.cz\/index.php?rest_route=\/wp\/v2\/pages"}],"about":[{"href":"https:\/\/www.stavbyfrolda.cz\/index.php?rest_route=\/wp\/v2\/types\/page"}],"author":[{"embeddable":true,"href":"https:\/\/www.stavbyfrolda.cz\/index.php?rest_route=\/wp\/v2\/users\/1"}],"replies":[{"embeddable":true,"href":"https:\/\/www.stavbyfrolda.cz\/index.php?rest_route=%2Fwp%2Fv2%2Fcomments&post=38"}],"version-history":[{"count":64,"href":"https:\/\/www.stavbyfrolda.cz\/index.php?rest_route=\/wp\/v2\/pages\/38\/revisions"}],"predecessor-version":[{"id":327,"href":"https:\/\/www.stavbyfrolda.cz\/index.php?rest_route=\/wp\/v2\/pages\/38\/revisions\/327"}],"wp:attachment":[{"href":"https:\/\/www.stavbyfrolda.cz\/index.php?rest_route=%2Fwp%2Fv2%2Fmedia&parent=38"}],"curies":[{"name":"wp","href":"https:\/\/api.w.org\/{rel}","templated":true}]}}